{"id":1007,"date":"2023-07-13T12:36:41","date_gmt":"2023-07-13T12:36:41","guid":{"rendered":"https:\/\/manenti.adv.br\/site\/?page_id=1007"},"modified":"2023-07-13T12:45:57","modified_gmt":"2023-07-13T12:45:57","slug":"formulario-de-contato","status":"publish","type":"page","link":"https:\/\/manenti.adv.br\/site\/formulario-de-contato\/","title":{"rendered":"Formul\u00e1rio"},"content":{"rendered":"\n<p><strong>FORMUL\u00c1RIO DE CONTATO<\/strong><\/p>\n\n\n\n<figure class=\"wp-block-image size-large\"><img decoding=\"async\" loading=\"lazy\" width=\"1024\" height=\"538\" src=\"https:\/\/manenti.adv.br\/site\/wp-content\/uploads\/2023\/07\/Processo-de-admissao-guia-completo-com-todas-as-etapas-1024x538.png\" alt=\"\" class=\"wp-image-1021\" srcset=\"https:\/\/manenti.adv.br\/site\/wp-content\/uploads\/2023\/07\/Processo-de-admissao-guia-completo-com-todas-as-etapas-1024x538.png 1024w, https:\/\/manenti.adv.br\/site\/wp-content\/uploads\/2023\/07\/Processo-de-admissao-guia-completo-com-todas-as-etapas-300x158.png 300w, https:\/\/manenti.adv.br\/site\/wp-content\/uploads\/2023\/07\/Processo-de-admissao-guia-completo-com-todas-as-etapas-768x403.png 768w, https:\/\/manenti.adv.br\/site\/wp-content\/uploads\/2023\/07\/Processo-de-admissao-guia-completo-com-todas-as-etapas-1536x807.png 1536w, https:\/\/manenti.adv.br\/site\/wp-content\/uploads\/2023\/07\/Processo-de-admissao-guia-completo-com-todas-as-etapas-2048x1075.png 2048w, https:\/\/manenti.adv.br\/site\/wp-content\/uploads\/2023\/07\/Processo-de-admissao-guia-completo-com-todas-as-etapas-370x194.png 370w, https:\/\/manenti.adv.br\/site\/wp-content\/uploads\/2023\/07\/Processo-de-admissao-guia-completo-com-todas-as-etapas-760x399.png 760w\" sizes=\"(max-width: 1024px) 100vw, 1024px\" \/><\/figure>\n\n\n\n<p><strong><mark style=\"background-color:rgba(0, 0, 0, 0)\" class=\"has-inline-color has-black-color\">Possui d\u00favidas sobre benef\u00edcios previdenci\u00e1rios? N\u00e3o se preocupe! Convidamos voc\u00ea a acessar nosso formul\u00e1rio, onde poder\u00e1 obter respostas claras e detalhadas. Clique no link abaixo e descubra tudo o que precisa saber para garantir seus direitos previdenci\u00e1rios.<\/mark><\/strong><\/p>\n\n\n\n<p><\/p>\n\n\n\n<p><\/p>\n\n\n\n<div class=\"wp-block-group is-layout-constrained\"><div class=\"wp-block-group__inner-container\">\n<figure class=\"wp-block-table is-style-stripes\"><table><tbody><tr><td class=\"has-text-align-center\" data-align=\"center\"><a rel=\"noreferrer noopener\" href=\"https:\/\/app.calculojuridico.net.br\/leads\/new\/8c1e2c30-55c8-4eb9-b88f-a06a12e5066e\" target=\"_blank\"><kbd><mark>https:\/\/app.calculojuridico.net.br\/leads\/new\/8c1e2c30-55c8-4eb9-b88f-a06a12e5066e<\/mark><\/kbd><\/a><\/td><\/tr><\/tbody><\/table><\/figure>\n<\/div><\/div>\n\n\n\n<p><\/p>\n","protected":false},"excerpt":{"rendered":"<p>FORMUL\u00c1RIO DE CONTATO Possui d\u00favidas sobre benef\u00edcios previdenci\u00e1rios? N\u00e3o se preocupe! Convidamos voc\u00ea a acessar nosso formul\u00e1rio, onde poder\u00e1 obter respostas claras e detalhadas. Clique no link abaixo e descubra tudo o que precisa saber para garantir seus direitos previdenci\u00e1rios. https:\/\/app.calculojuridico.net.br\/leads\/new\/8c1e2c30-55c8-4eb9-b88f-a06a12e5066e<\/p>\n","protected":false},"author":1,"featured_media":1021,"parent":0,"menu_order":0,"comment_status":"closed","ping_status":"closed","template":"","meta":[],"_links":{"self":[{"href":"https:\/\/manenti.adv.br\/site\/wp-json\/wp\/v2\/pages\/1007"}],"collection":[{"href":"https:\/\/manenti.adv.br\/site\/wp-json\/wp\/v2\/pages"}],"about":[{"href":"https:\/\/manenti.adv.br\/site\/wp-json\/wp\/v2\/types\/page"}],"author":[{"embeddable":true,"href":"https:\/\/manenti.adv.br\/site\/wp-json\/wp\/v2\/users\/1"}],"replies":[{"embeddable":true,"href":"https:\/\/manenti.adv.br\/site\/wp-json\/wp\/v2\/comments?post=1007"}],"version-history":[{"count":13,"href":"https:\/\/manenti.adv.br\/site\/wp-json\/wp\/v2\/pages\/1007\/revisions"}],"predecessor-version":[{"id":1026,"href":"https:\/\/manenti.adv.br\/site\/wp-json\/wp\/v2\/pages\/1007\/revisions\/1026"}],"wp:featuredmedia":[{"embeddable":true,"href":"https:\/\/manenti.adv.br\/site\/wp-json\/wp\/v2\/media\/1021"}],"wp:attachment":[{"href":"https:\/\/manenti.adv.br\/site\/wp-json\/wp\/v2\/media?parent=1007"}],"curies":[{"name":"wp","href":"https:\/\/api.w.org\/{rel}","templated":true}]}}