{"id":112,"date":"2017-02-25T17:17:18","date_gmt":"2017-02-25T17:17:18","guid":{"rendered":"https:\/\/manenti.adv.br\/site\/?page_id=112"},"modified":"2025-09-24T17:56:54","modified_gmt":"2025-09-24T20:56:54","slug":"artigos-e-noticias","status":"publish","type":"page","link":"https:\/\/manenti.adv.br\/site\/artigos-e-noticias\/","title":{"rendered":"Artigos e Not\u00edcias"},"content":{"rendered":"<p>[vc_row][vc_column width=&#8221;2\/3&#8243;][vc_basic_grid post_type=&#8221;post&#8221; max_items=&#8221;-1&#8243; style=&#8221;pagination&#8221; items_per_page=&#8221;5&#8243; element_width=&#8221;12&#8243; arrows_design=&#8221;vc_arrow-icon-arrow_04_left&#8221; paging_design=&#8221;pagination_stripes_dark&#8221; initial_loading_animation=&#8221;none&#8221; grid_id=&#8221;vc_gid:1758747275298-0540e27bb42a8ac29cbcc5d54d8cc8f7-3&#8243;][\/vc_column][vc_column width=&#8221;1\/3&#8243;][vc_wp_categories options=&#8221;count&#8221;][vc_row_inner][vc_column_inner][\/vc_column_inner][\/vc_row_inner][vc_wp_posts number=&#8221;6&#8243; show_date=&#8221;1&#8243;][\/vc_column][\/vc_row][vc_row][vc_column]<div class=\"sc_blogger sc_blogger_plain\"><div class=\"sc_blogger_columns sc_item_columns trx_addons_columns_wrap\"><div class=\"trx_addons_column-1_3\"><div id=\"post-76\"\tclass=\"sc_blogger_item post_format_video post-76 post type-post status-publish format-video has-post-thumbnail hentry category-noticias category-trabalhista post_format-post-format-video\"><div class=\"sc_blogger_item_content entry-content\"><div class=\"post_meta\">\t\t\t\t\t<span class=\"post_meta_item post_categories\"><a href=\"https:\/\/manenti.adv.br\/site\/category\/noticias\/\" rel=\"category tag\">Not\u00edcias<\/a>, <a href=\"https:\/\/manenti.adv.br\/site\/category\/trabalhista\/\" rel=\"category tag\">Trabalhista<\/a><\/span>\n\t\t\t\t\t<\/div><!-- .post_meta --><h5 class=\"sc_blogger_item_title entry-title\"><a href=\"https:\/\/manenti.adv.br\/site\/trt-15-gestante-pode-continuar-afastada-do-trabalho-durante-pandemia\/\" rel=\"bookmark\">Gestante pode continuar afastada do trabalho durante a pandemia, decide TRT<\/a><\/h5><div class=\"post_meta\">\t\t\t\t\t<span class=\"post_meta_item post_date\"><a href=\"https:\/\/manenti.adv.br\/site\/trt-15-gestante-pode-continuar-afastada-do-trabalho-durante-pandemia\/\">10\/02\/2017<\/a><\/span>\n\t\t\t\t\t <a href=\"https:\/\/manenti.adv.br\/site\/trt-15-gestante-pode-continuar-afastada-do-trabalho-durante-pandemia\/#respond\" class=\"post_meta_item post_counters_item post_counters_comments trx_addons_icon-comment\"><span class=\"post_counters_number\">0<\/span><\/a>  <a href=\"https:\/\/manenti.adv.br\/site\/trt-15-gestante-pode-continuar-afastada-do-trabalho-durante-pandemia\/\" class=\"post_meta_item post_counters_item post_counters_views trx_addons_icon-eye\"><span class=\"post_counters_number\">1195<\/span><span class=\"post_counters_label\">Views<\/span><\/a>  <a href=\"#\" class=\"post_meta_item post_counters_item post_counters_likes trx_addons_icon-heart-empty enabled\"\r\n\t\t\t\ttitle=\"Like\"\r\n\t\t\t\tdata-postid=\"76\"\r\n\t\t\t\tdata-likes=\"0\"\r\n\t\t\t\tdata-title-like=\"Like\"\r\n\t\t\t\tdata-title-dislike=\"Dislike\"><span class=\"post_counters_number\">0<\/span><span class=\"post_counters_label\">Likes<\/span><\/a> <\/div><!-- .post_meta --><\/div><!-- .entry-content --><\/div><!-- .sc_blogger_item --><\/div><div class=\"trx_addons_column-1_3\"><div id=\"post-73\"\tclass=\"sc_blogger_item post_format_standard post-73 post type-post status-publish format-standard has-post-thumbnail hentry category-noticias category-previdenciario\"><div class=\"sc_blogger_item_content entry-content\"><div class=\"post_meta\">\t\t\t\t\t<span class=\"post_meta_item post_categories\"><a href=\"https:\/\/manenti.adv.br\/site\/category\/noticias\/\" rel=\"category tag\">Not\u00edcias<\/a>, <a href=\"https:\/\/manenti.adv.br\/site\/category\/previdenciario\/\" rel=\"category tag\">Previdenci\u00e1rio<\/a><\/span>\n\t\t\t\t\t<\/div><!-- .post_meta --><h5 class=\"sc_blogger_item_title entry-title\"><a href=\"https:\/\/manenti.adv.br\/site\/trf-3-reconhece-tempo-especial-e-concede-aposentadoria-para-pedreiro-que-trabalhou-com-exposicao-a-ruido\/\" rel=\"bookmark\">TRF-3 reconhece tempo especial e concede aposentadoria para pedreiro que trabalhou com exposi\u00e7\u00e3o a ru\u00eddo<\/a><\/h5><div class=\"post_meta\">\t\t\t\t\t<span class=\"post_meta_item post_date\"><a href=\"https:\/\/manenti.adv.br\/site\/trf-3-reconhece-tempo-especial-e-concede-aposentadoria-para-pedreiro-que-trabalhou-com-exposicao-a-ruido\/\">15\/02\/2017<\/a><\/span>\n\t\t\t\t\t <a href=\"https:\/\/manenti.adv.br\/site\/trf-3-reconhece-tempo-especial-e-concede-aposentadoria-para-pedreiro-que-trabalhou-com-exposicao-a-ruido\/#respond\" class=\"post_meta_item post_counters_item post_counters_comments trx_addons_icon-comment\"><span class=\"post_counters_number\">0<\/span><\/a>  <a href=\"https:\/\/manenti.adv.br\/site\/trf-3-reconhece-tempo-especial-e-concede-aposentadoria-para-pedreiro-que-trabalhou-com-exposicao-a-ruido\/\" class=\"post_meta_item post_counters_item post_counters_views trx_addons_icon-eye\"><span class=\"post_counters_number\">1767<\/span><span class=\"post_counters_label\">Views<\/span><\/a>  <a href=\"#\" class=\"post_meta_item post_counters_item post_counters_likes trx_addons_icon-heart-empty enabled\"\r\n\t\t\t\ttitle=\"Like\"\r\n\t\t\t\tdata-postid=\"73\"\r\n\t\t\t\tdata-likes=\"0\"\r\n\t\t\t\tdata-title-like=\"Like\"\r\n\t\t\t\tdata-title-dislike=\"Dislike\"><span class=\"post_counters_number\">0<\/span><span class=\"post_counters_label\">Likes<\/span><\/a> <\/div><!-- .post_meta --><\/div><!-- .entry-content --><\/div><!-- .sc_blogger_item --><\/div><div class=\"trx_addons_column-1_3\"><div id=\"post-70\"\tclass=\"sc_blogger_item post_format_standard post-70 post type-post status-publish format-standard has-post-thumbnail hentry category-dicas category-noticias category-previdenciario\"><div class=\"sc_blogger_item_content entry-content\"><div class=\"post_meta\">\t\t\t\t\t<span class=\"post_meta_item post_categories\"><a href=\"https:\/\/manenti.adv.br\/site\/category\/dicas\/\" rel=\"category tag\">Dicas<\/a>, <a href=\"https:\/\/manenti.adv.br\/site\/category\/noticias\/\" rel=\"category tag\">Not\u00edcias<\/a>, <a href=\"https:\/\/manenti.adv.br\/site\/category\/previdenciario\/\" rel=\"category tag\">Previdenci\u00e1rio<\/a><\/span>\n\t\t\t\t\t<\/div><!-- .post_meta --><h5 class=\"sc_blogger_item_title entry-title\"><a href=\"https:\/\/manenti.adv.br\/site\/aposentadoria-especial-do-eletricista\/\" rel=\"bookmark\">Aposentadoria Especial do Eletricista e Eletricit\u00e1rio: 5 Dicas Pr\u00e1ticas<\/a><\/h5><div class=\"post_meta\">\t\t\t\t\t<span class=\"post_meta_item post_date\"><a href=\"https:\/\/manenti.adv.br\/site\/aposentadoria-especial-do-eletricista\/\">25\/02\/2017<\/a><\/span>\n\t\t\t\t\t <a href=\"https:\/\/manenti.adv.br\/site\/aposentadoria-especial-do-eletricista\/#respond\" class=\"post_meta_item post_counters_item post_counters_comments trx_addons_icon-comment\"><span class=\"post_counters_number\">0<\/span><\/a>  <a href=\"https:\/\/manenti.adv.br\/site\/aposentadoria-especial-do-eletricista\/\" class=\"post_meta_item post_counters_item post_counters_views trx_addons_icon-eye\"><span class=\"post_counters_number\">17337<\/span><span class=\"post_counters_label\">Views<\/span><\/a>  <a href=\"#\" class=\"post_meta_item post_counters_item post_counters_likes trx_addons_icon-heart-empty enabled\"\r\n\t\t\t\ttitle=\"Like\"\r\n\t\t\t\tdata-postid=\"70\"\r\n\t\t\t\tdata-likes=\"0\"\r\n\t\t\t\tdata-title-like=\"Like\"\r\n\t\t\t\tdata-title-dislike=\"Dislike\"><span class=\"post_counters_number\">0<\/span><span class=\"post_counters_label\">Likes<\/span><\/a> <\/div><!-- .post_meta --><\/div><!-- .entry-content --><\/div><!-- .sc_blogger_item --><\/div><\/div><\/div><!-- \/.sc_blogger -->[\/vc_column][\/vc_row][vc_row][vc_column][vc_column_text]<\/span><\/span>[\/vc_column_text][\/vc_column][\/vc_row]<\/p>\n","protected":false},"excerpt":{"rendered":"<p>[vc_row][vc_column width=&#8221;2\/3&#8243;][vc_basic_grid post_type=&#8221;post&#8221; max_items=&#8221;-1&#8243; style=&#8221;pagination&#8221; items_per_page=&#8221;5&#8243; element_width=&#8221;12&#8243; arrows_design=&#8221;vc_arrow-icon-arrow_04_left&#8221; paging_design=&#8221;pagination_stripes_dark&#8221; initial_loading_animation=&#8221;none&#8221; grid_id=&#8221;vc_gid:1758747275298-0540e27bb42a8ac29cbcc5d54d8cc8f7-3&#8243;][\/vc_column][vc_column width=&#8221;1\/3&#8243;][vc_wp_categories options=&#8221;count&#8221;][vc_row_inner][vc_column_inner][\/vc_column_inner][\/vc_row_inner][vc_wp_posts number=&#8221;6&#8243; show_date=&#8221;1&#8243;][\/vc_column][\/vc_row][vc_row][vc_column][\/vc_column][\/vc_row][vc_row][vc_column][vc_column_text][\/vc_column_text][\/vc_column][\/vc_row]<\/p>\n","protected":false},"author":1,"featured_media":0,"parent":0,"menu_order":0,"comment_status":"closed","ping_status":"closed","template":"","meta":[],"_links":{"self":[{"href":"https:\/\/manenti.adv.br\/site\/wp-json\/wp\/v2\/pages\/112"}],"collection":[{"href":"https:\/\/manenti.adv.br\/site\/wp-json\/wp\/v2\/pages"}],"about":[{"href":"https:\/\/manenti.adv.br\/site\/wp-json\/wp\/v2\/types\/page"}],"author":[{"embeddable":true,"href":"https:\/\/manenti.adv.br\/site\/wp-json\/wp\/v2\/users\/1"}],"replies":[{"embeddable":true,"href":"https:\/\/manenti.adv.br\/site\/wp-json\/wp\/v2\/comments?post=112"}],"version-history":[{"count":11,"href":"https:\/\/manenti.adv.br\/site\/wp-json\/wp\/v2\/pages\/112\/revisions"}],"predecessor-version":[{"id":1574,"href":"https:\/\/manenti.adv.br\/site\/wp-json\/wp\/v2\/pages\/112\/revisions\/1574"}],"wp:attachment":[{"href":"https:\/\/manenti.adv.br\/site\/wp-json\/wp\/v2\/media?parent=112"}],"curies":[{"name":"wp","href":"https:\/\/api.w.org\/{rel}","templated":true}]}}