{"id":193,"date":"2017-02-26T11:18:17","date_gmt":"2017-02-26T11:18:17","guid":{"rendered":"https:\/\/manenti.adv.br\/site\/?page_id=193"},"modified":"2021-12-16T21:03:43","modified_gmt":"2021-12-16T21:03:43","slug":"area-de-atuacao","status":"publish","type":"page","link":"https:\/\/manenti.adv.br\/site\/area-de-atuacao\/","title":{"rendered":"\u00c1reas de Atua\u00e7\u00e3o"},"content":{"rendered":"<p>[vc_row][vc_column][vc_empty_space height=&#8221;3em&#8221; alter_height=&#8221;none&#8221; hide_on_mobile=&#8221;&#8221;][\/vc_column][\/vc_row][vc_row][vc_column]<div id=\"sc_services_734295177\" class=\"sc_services sc_services_default sc_services_featured_top\"><div class=\"sc_services_columns sc_item_columns sc_item_columns_3 trx_addons_columns_wrap columns_padding_bottom\"><div class=\"trx_addons_column-1_3\"><div class=\"sc_services_item with_content with_image sc_services_item_featured_top\">\r\n\t<div class=\"post_featured with_thumb hover_dots sc_services_item_thumb\"><img width=\"370\" height=\"270\" src=\"https:\/\/manenti.adv.br\/site\/wp-content\/uploads\/2017\/02\/post-1-370x270.jpg\" class=\"attachment-legal_stone-thumb-med size-legal_stone-thumb-med wp-post-image\" alt=\"Direito Trabalhista\" decoding=\"async\" loading=\"lazy\" \/><div class=\"mask\"><\/div><a href=\"https:\/\/manenti.adv.br\/site\/services\/direito-trabalhista\/\" aria-hidden=\"true\" class=\"icons\"><span><\/span><span><\/span><span><\/span><\/a><\/div>\t\r\n\t<div class=\"sc_services_item_info\">\r\n\t\t<div class=\"sc_services_item_header\">\r\n\t\t\t<h4 class=\"sc_services_item_title\"><a href=\"https:\/\/manenti.adv.br\/site\/services\/direito-trabalhista\/\">Direito Trabalhista<\/a><\/h4>\r\n\t\t\t<div class=\"sc_services_item_subtitle\"><a href=\"https:\/\/manenti.adv.br\/site\/services_group\/atuacao\/\" title=\"View all posts in Atua\u00e7\u00e3o\">Atua\u00e7\u00e3o<\/a><\/div>\r\n\t\t<\/div>\r\n\t\t\t\t\t<div class=\"sc_services_item_content\"><p>A atua\u00e7\u00e3o de advogados trabalhistas ganhou novo significado com a reforma trabalhista. A mudan\u00e7a na lei trouxe uma moderniza\u00e7\u00e3o nas rela\u00e7\u00f5es de trabalho.<\/p>\n<\/div>\r\n                \t<\/div>\r\n<\/div>\r\n<\/div><div class=\"trx_addons_column-1_3\"><div class=\"sc_services_item with_content with_image sc_services_item_featured_top\">\r\n\t<div class=\"post_featured with_thumb hover_dots sc_services_item_thumb\"><img width=\"370\" height=\"270\" src=\"https:\/\/manenti.adv.br\/site\/wp-content\/uploads\/2017\/02\/post-10-370x270.jpg\" class=\"attachment-legal_stone-thumb-med size-legal_stone-thumb-med wp-post-image\" alt=\"Aposentadoria, Pens\u00f5es e aux\u00edlios\" decoding=\"async\" loading=\"lazy\" \/><div class=\"mask\"><\/div><a href=\"https:\/\/manenti.adv.br\/site\/services\/previdenciario\/\" aria-hidden=\"true\" class=\"icons\"><span><\/span><span><\/span><span><\/span><\/a><\/div>\t\r\n\t<div class=\"sc_services_item_info\">\r\n\t\t<div class=\"sc_services_item_header\">\r\n\t\t\t<h4 class=\"sc_services_item_title\"><a href=\"https:\/\/manenti.adv.br\/site\/services\/previdenciario\/\">Aposentadoria, Pens\u00f5es e aux\u00edlios<\/a><\/h4>\r\n\t\t\t<div class=\"sc_services_item_subtitle\"><a href=\"https:\/\/manenti.adv.br\/site\/services_group\/atuacao\/\" title=\"View all posts in Atua\u00e7\u00e3o\">Atua\u00e7\u00e3o<\/a><\/div>\r\n\t\t<\/div>\r\n\t\t\t\t\t<div class=\"sc_services_item_content\"><p>Atuamos de forma administrativa e judicial perante a Previd\u00eancia Social.<\/p>\n<\/div>\r\n                \t<\/div>\r\n<\/div>\r\n<\/div><div class=\"trx_addons_column-1_3\"><div class=\"sc_services_item with_content with_image sc_services_item_featured_top\">\r\n\t<div class=\"post_featured with_thumb hover_dots sc_services_item_thumb\"><img width=\"370\" height=\"270\" src=\"https:\/\/manenti.adv.br\/site\/wp-content\/uploads\/2017\/02\/post-15-370x270.jpg\" class=\"attachment-legal_stone-thumb-med size-legal_stone-thumb-med wp-post-image\" alt=\"A\u00e7\u00f5es c\u00edveis\" decoding=\"async\" loading=\"lazy\" \/><div class=\"mask\"><\/div><a href=\"https:\/\/manenti.adv.br\/site\/services\/acoes-civeis\/\" aria-hidden=\"true\" class=\"icons\"><span><\/span><span><\/span><span><\/span><\/a><\/div>\t\r\n\t<div class=\"sc_services_item_info\">\r\n\t\t<div class=\"sc_services_item_header\">\r\n\t\t\t<h4 class=\"sc_services_item_title\"><a href=\"https:\/\/manenti.adv.br\/site\/services\/acoes-civeis\/\">A\u00e7\u00f5es c\u00edveis<\/a><\/h4>\r\n\t\t\t<div class=\"sc_services_item_subtitle\"><a href=\"https:\/\/manenti.adv.br\/site\/services_group\/atuacao\/\" title=\"View all posts in Atua\u00e7\u00e3o\">Atua\u00e7\u00e3o<\/a><\/div>\r\n\t\t<\/div>\r\n\t\t\t\t\t<div class=\"sc_services_item_content\"><p>Atuamos na propositura ou defesa das a\u00e7\u00f5es t\u00edpicas da \u00e1rea de fam\u00edlia e sucess\u00f5es, tais como: abertura e composi\u00e7\u00e3o em invent\u00e1rios, al\u00e9m de defesa de interesses de herdeiros, legat\u00e1rios e terceiros.<\/p>\n<\/div>\r\n                \t<\/div>\r\n<\/div>\r\n<\/div><\/div><\/div><!-- \/.sc_services -->[\/vc_column][\/vc_row][vc_row][vc_column][vc_empty_space alter_height=&#8221;medium&#8221; hide_on_mobile=&#8221;1&#8243;][vc_empty_space height=&#8221;2.5em&#8221; alter_height=&#8221;none&#8221; hide_on_mobile=&#8221;1&#8243;][vc_empty_space height=&#8221;3em&#8221; alter_height=&#8221;none&#8221; hide_on_mobile=&#8221;&#8221;][\/vc_column][\/vc_row]<\/p>\n","protected":false},"excerpt":{"rendered":"<p>[vc_row][vc_column][vc_empty_space height=&#8221;3em&#8221; alter_height=&#8221;none&#8221; hide_on_mobile=&#8221;&#8221;][\/vc_column][\/vc_row][vc_row][vc_column][\/vc_column][\/vc_row][vc_row][vc_column][vc_empty_space alter_height=&#8221;medium&#8221; hide_on_mobile=&#8221;1&#8243;][vc_empty_space height=&#8221;2.5em&#8221; alter_height=&#8221;none&#8221; hide_on_mobile=&#8221;1&#8243;][vc_empty_space height=&#8221;3em&#8221; alter_height=&#8221;none&#8221; hide_on_mobile=&#8221;&#8221;][\/vc_column][\/vc_row]<\/p>\n","protected":false},"author":1,"featured_media":0,"parent":0,"menu_order":0,"comment_status":"closed","ping_status":"closed","template":"","meta":[],"_links":{"self":[{"href":"https:\/\/manenti.adv.br\/site\/wp-json\/wp\/v2\/pages\/193"}],"collection":[{"href":"https:\/\/manenti.adv.br\/site\/wp-json\/wp\/v2\/pages"}],"about":[{"href":"https:\/\/manenti.adv.br\/site\/wp-json\/wp\/v2\/types\/page"}],"author":[{"embeddable":true,"href":"https:\/\/manenti.adv.br\/site\/wp-json\/wp\/v2\/users\/1"}],"replies":[{"embeddable":true,"href":"https:\/\/manenti.adv.br\/site\/wp-json\/wp\/v2\/comments?post=193"}],"version-history":[{"count":7,"href":"https:\/\/manenti.adv.br\/site\/wp-json\/wp\/v2\/pages\/193\/revisions"}],"predecessor-version":[{"id":937,"href":"https:\/\/manenti.adv.br\/site\/wp-json\/wp\/v2\/pages\/193\/revisions\/937"}],"wp:attachment":[{"href":"https:\/\/manenti.adv.br\/site\/wp-json\/wp\/v2\/media?parent=193"}],"curies":[{"name":"wp","href":"https:\/\/api.w.org\/{rel}","templated":true}]}}